{"id":6,"date":"2018-05-22T06:51:12","date_gmt":"2018-05-22T06:51:12","guid":{"rendered":"http:\/\/energierituale.de\/?page_id=5"},"modified":"2018-05-22T06:51:12","modified_gmt":"2018-05-22T06:51:12","slug":"willkommen","status":"publish","type":"page","link":"https:\/\/rufdergoettin.de\/","title":{"rendered":"Willkommen"},"content":{"rendered":"<p><img loading=\"lazy\" decoding=\"async\" src=\"http:\/\/energierituale.de\/wp-content\/uploads\/2018\/08\/logo.png\" alt=\"\" width=\"120\" height=\"120\" class=\"alignnone size-full wp-image-112\" \/><br \/>\nWillkommen beim Ruf der G\u00f6ttin!<\/p>\n<p>Wir besch\u00e4ftigen uns mit dem Leben im Einklang mit der Natur.<br \/>\nDabei leitet uns die Erkenntnis, dass alles mit allem verbunden ist.<br \/>\nSo begegnen wir Menschen und der Natur mit Achtung.<\/p>\n<p><img loading=\"lazy\" decoding=\"async\" class=\"alignnone  wp-image-32\" src=\"http:\/\/energierituale.de\/wp-content\/uploads\/2018\/08\/Banner_DSCN9565-300x54.jpg\" alt=\"\" width=\"910\" height=\"165\" \/><\/p>\n<p>Ich lade Euch ein, sich auf diesen Seiten um zu sehen.<br \/>\nWenn Ihr weiterf\u00fchrende Fragen habt oder mit uns in&#8217;s Gespr\u00e4ch kommen m\u00f6chtet, schickt mir eine Mail an nana(at)rufdergoettin.de<\/p>\n<p>Viele Gr\u00fc\u00dfe<\/p>\n<p>Nana<\/p>\n<p><img loading=\"lazy\" decoding=\"async\" src=\"http:\/\/energierituale.de\/wp-content\/uploads\/2018\/08\/l16-300x209.png\" alt=\"\" width=\"300\" height=\"209\" class=\"alignnone size-medium wp-image-36\" \/><\/p>\n","protected":false},"excerpt":{"rendered":"<p>Willkommen beim Ruf der G\u00f6ttin! Wir besch\u00e4ftigen uns mit dem Leben im Einklang mit der Natur. Dabei leitet uns die Erkenntnis, dass alles mit allem verbunden ist. So begegnen wir Menschen und der Natur mit Achtung. Ich lade Euch ein, sich auf diesen Seiten um zu sehen. Wenn Ihr weiterf\u00fchrende Fragen habt oder mit uns &hellip; <\/p>\n<p class=\"link-more\"><a href=\"https:\/\/rufdergoettin.de\/\" class=\"more-link\"><span class=\"screen-reader-text\">\u201eWillkommen\u201c <\/span>weiterlesen<\/a><\/p>\n","protected":false},"author":1,"featured_media":0,"parent":0,"menu_order":0,"comment_status":"closed","ping_status":"closed","template":"","meta":{"footnotes":""},"class_list":["post-6","page","type-page","status-publish","hentry"],"_links":{"self":[{"href":"https:\/\/rufdergoettin.de\/index.php?rest_route=\/wp\/v2\/pages\/6","targetHints":{"allow":["GET"]}}],"collection":[{"href":"https:\/\/rufdergoettin.de\/index.php?rest_route=\/wp\/v2\/pages"}],"about":[{"href":"https:\/\/rufdergoettin.de\/index.php?rest_route=\/wp\/v2\/types\/page"}],"author":[{"embeddable":true,"href":"https:\/\/rufdergoettin.de\/index.php?rest_route=\/wp\/v2\/users\/1"}],"replies":[{"embeddable":true,"href":"https:\/\/rufdergoettin.de\/index.php?rest_route=%2Fwp%2Fv2%2Fcomments&post=6"}],"version-history":[{"count":0,"href":"https:\/\/rufdergoettin.de\/index.php?rest_route=\/wp\/v2\/pages\/6\/revisions"}],"wp:attachment":[{"href":"https:\/\/rufdergoettin.de\/index.php?rest_route=%2Fwp%2Fv2%2Fmedia&parent=6"}],"curies":[{"name":"wp","href":"https:\/\/api.w.org\/{rel}","templated":true}]}}