{"id":58,"date":"2018-08-07T08:42:37","date_gmt":"2018-08-07T08:42:37","guid":{"rendered":"http:\/\/energierituale.de\/?page_id=58"},"modified":"2018-08-07T08:42:37","modified_gmt":"2018-08-07T08:42:37","slug":"gemeinsam-klingen","status":"publish","type":"page","link":"https:\/\/rufdergoettin.de\/?page_id=58","title":{"rendered":"Gemeinsam klingen"},"content":{"rendered":"<p>meditatives Singen und T\u00f6nen, Stimmen ineinander weben<\/p>\n<p>Unsere <b>Stimmen <\/b>miteinander verweben<br \/>\nein <b>klingendes Feld<\/b> erschaffen<br \/>\nunseren Klang auf uns <b>wirken <\/b>lassen<br \/>\n<b>meditative <\/b>Erfahrung<br \/>\nEintauchen in den <b>Augenblick<\/b><br \/>\nmit <b>wachen Sinnen<\/b> besinnen<br \/>\nim Klang in der <b>Gemeinschaft <\/b>verbunden kommen unsere Gedanken zur <b>Ruhe<\/b>.<\/p>\n<p><img loading=\"lazy\" decoding=\"async\" class=\"alignnone size-medium wp-image-34\" src=\"http:\/\/energierituale.de\/wp-content\/uploads\/2018\/08\/GemeinsamKlingenHG-212x300.jpg\" alt=\"\" width=\"212\" height=\"300\" \/><\/p>\n<p>Wir singen gemeinsam spirituelle Lieder aus aller Welt, Mantren, Volkslieder und Weisen, Kanons&#8230;<\/p>\n<p>Im Vordergrund stehen die Einfachheit, ber\u00fchrende Texte und eing\u00e4ngige Melodien. So k\u00f6nnen die Lieder schnell mitgesungen werden, denn im Vordergrund steht das T\u00f6nen und Schwingen, das gemeinsame Erzeugen von Klang, das Raum schafft f\u00fcr Meditation und Loslassen.<br \/>\nWir konzentrieren uns auf das Jetzt und das eigene sowie das gemeinsame Erleben.<\/p>\n<p><b>Wann und Wo:<\/b><\/p>\n<p>Wir treffen uns im Turnus von vier Wochen jeweils an 2 verschiedenen Orten:<\/p>\n<p>&#8211; <b>56316 Hanroth<\/b> (Westerwald) bei <b>Anna Weber<\/b><br \/>\n<b>Tel:<\/b> 0177 &#8211; 2508247<br \/>\n<b>email:<\/b> anna.weber(at)freenet.de<\/p>\n<p>&#8211; <b>69250 Sch\u00f6nau<\/b> (Odenwald) bei <b>Nana S.Doff-Sotta<\/b><br \/>\n<b>Tel:<\/b> 06228 &#8211; 911194<br \/>\n<b>email:<\/b> nana(at)rufdergoettin.de<\/p>\n<p>Termine werden unter &#8222;Aktuelles&#8220; ver\u00f6ffentlicht.<br \/>\nUm Anmeldung per Telefon oder email wird gebeten<\/p>\n","protected":false},"excerpt":{"rendered":"<p>meditatives Singen und T\u00f6nen, Stimmen ineinander weben Unsere Stimmen miteinander verweben ein klingendes Feld erschaffen unseren Klang auf uns wirken lassen meditative Erfahrung Eintauchen in den Augenblick mit wachen Sinnen besinnen im Klang in der Gemeinschaft verbunden kommen unsere Gedanken zur Ruhe. Wir singen gemeinsam spirituelle Lieder aus aller Welt, Mantren, Volkslieder und Weisen, Kanons&#8230; &hellip; <\/p>\n<p class=\"link-more\"><a href=\"https:\/\/rufdergoettin.de\/?page_id=58\" class=\"more-link\"><span class=\"screen-reader-text\">\u201eGemeinsam klingen\u201c <\/span>weiterlesen<\/a><\/p>\n","protected":false},"author":1,"featured_media":0,"parent":0,"menu_order":0,"comment_status":"closed","ping_status":"closed","template":"","meta":{"footnotes":""},"class_list":["post-58","page","type-page","status-publish","hentry"],"_links":{"self":[{"href":"https:\/\/rufdergoettin.de\/index.php?rest_route=\/wp\/v2\/pages\/58","targetHints":{"allow":["GET"]}}],"collection":[{"href":"https:\/\/rufdergoettin.de\/index.php?rest_route=\/wp\/v2\/pages"}],"about":[{"href":"https:\/\/rufdergoettin.de\/index.php?rest_route=\/wp\/v2\/types\/page"}],"author":[{"embeddable":true,"href":"https:\/\/rufdergoettin.de\/index.php?rest_route=\/wp\/v2\/users\/1"}],"replies":[{"embeddable":true,"href":"https:\/\/rufdergoettin.de\/index.php?rest_route=%2Fwp%2Fv2%2Fcomments&post=58"}],"version-history":[{"count":0,"href":"https:\/\/rufdergoettin.de\/index.php?rest_route=\/wp\/v2\/pages\/58\/revisions"}],"wp:attachment":[{"href":"https:\/\/rufdergoettin.de\/index.php?rest_route=%2Fwp%2Fv2%2Fmedia&parent=58"}],"curies":[{"name":"wp","href":"https:\/\/api.w.org\/{rel}","templated":true}]}}