{"id":10,"date":"2018-05-22T06:52:27","date_gmt":"2018-05-22T06:52:27","guid":{"rendered":"http:\/\/energierituale.de\/?page_id=10"},"modified":"2018-05-22T06:52:27","modified_gmt":"2018-05-22T06:52:27","slug":"jahreskreisfeste","status":"publish","type":"page","link":"https:\/\/rufdergoettin.de\/?page_id=10","title":{"rendered":"Jahreskreis"},"content":{"rendered":"<table class=\"pageFrame \" border=\"0\">\n<tbody>\n<tr>\n<td colspan=\"1\"><\/td>\n<\/tr>\n<tr>\n<td valign=\"top\">\n<div class=\"\">\n<p><strong>mitfeiern<\/strong><\/p>\n<p>Unser Leben z\u00e4hlt viele Jahre und den Wandel im Jahr wollen wir leben.<br \/>\nIm Winter K\u00e4lte sp\u00fcren, im Fr\u00fchling die erste warme Luft f\u00fchlen,<br \/>\nim Sommer die aufsteigenden D\u00fcfte der Pflanzen im Wald riechen,<br \/>\nund uns im Herbst an den satten Farben des ausgehenden Jahres freuen.<br \/>\nAn den \u00dcbergangspunkten dieser Phasen feiern wir unsere Jahreskreisfeste:<\/p>\n<p>Fr\u00fchjahrstagundnachtagleiche ( um den 21.03. )<br \/>\nWalpurgis ( 01.05. )<br \/>\nSommersonnnwende ( um den 21.06. )<br \/>\nLammas ( 01.08. )<br \/>\nHerbsttagundnachtgleiche ( um den 21.10. )<br \/>\nAhnenfest ( 01.11. )<br \/>\nWintersonnwende (um den 21.12. )<br \/>\nLichtmess ( 01.02. )<\/p>\n<p>Einige dieser Feste im Lauf des Jahreskreis feiern wir gerne mit Freunden, G\u00e4sten, Interessierten.<br \/>\nDie genauen Termine befinden sich immer 2 &#8211; 3 Wochen vor dem Fest unter &#8222;Aktuelles&#8220;.<br \/>\nAnmeldung und Kontaktaufnahme per Email an\u00a0nana(at)rufdergoettin.de.<\/p>\n<p>Bei rechtzeitiger Anmeldung ist es m\u00f6glich Mitfahrgelegenheiten zu organisieren.<\/p>\n<\/div>\n<\/td>\n<\/tr>\n<\/tbody>\n<\/table>\n","protected":false},"excerpt":{"rendered":"<p>mitfeiern Unser Leben z\u00e4hlt viele Jahre und den Wandel im Jahr wollen wir leben. Im Winter K\u00e4lte sp\u00fcren, im Fr\u00fchling die erste warme Luft f\u00fchlen, im Sommer die aufsteigenden D\u00fcfte der Pflanzen im Wald riechen, und uns im Herbst an den satten Farben des ausgehenden Jahres freuen. An den \u00dcbergangspunkten dieser Phasen feiern wir unsere &hellip; <\/p>\n<p class=\"link-more\"><a href=\"https:\/\/rufdergoettin.de\/?page_id=10\" class=\"more-link\"><span class=\"screen-reader-text\">\u201eJahreskreis\u201c <\/span>weiterlesen<\/a><\/p>\n","protected":false},"author":1,"featured_media":31,"parent":0,"menu_order":0,"comment_status":"closed","ping_status":"closed","template":"","meta":{"footnotes":""},"class_list":["post-10","page","type-page","status-publish","has-post-thumbnail","hentry"],"_links":{"self":[{"href":"https:\/\/rufdergoettin.de\/index.php?rest_route=\/wp\/v2\/pages\/10","targetHints":{"allow":["GET"]}}],"collection":[{"href":"https:\/\/rufdergoettin.de\/index.php?rest_route=\/wp\/v2\/pages"}],"about":[{"href":"https:\/\/rufdergoettin.de\/index.php?rest_route=\/wp\/v2\/types\/page"}],"author":[{"embeddable":true,"href":"https:\/\/rufdergoettin.de\/index.php?rest_route=\/wp\/v2\/users\/1"}],"replies":[{"embeddable":true,"href":"https:\/\/rufdergoettin.de\/index.php?rest_route=%2Fwp%2Fv2%2Fcomments&post=10"}],"version-history":[{"count":0,"href":"https:\/\/rufdergoettin.de\/index.php?rest_route=\/wp\/v2\/pages\/10\/revisions"}],"wp:featuredmedia":[{"embeddable":true,"href":"https:\/\/rufdergoettin.de\/index.php?rest_route=\/"}],"wp:attachment":[{"href":"https:\/\/rufdergoettin.de\/index.php?rest_route=%2Fwp%2Fv2%2Fmedia&parent=10"}],"curies":[{"name":"wp","href":"https:\/\/api.w.org\/{rel}","templated":true}]}}